{"id":2895,"date":"2024-07-02T19:26:07","date_gmt":"2024-07-02T19:26:07","guid":{"rendered":"https:\/\/demo.creativeisk.com\/access_dev\/?page_id=2895"},"modified":"2024-07-29T17:50:13","modified_gmt":"2024-07-29T17:50:13","slug":"joignez-nos-rangs-en-tant-que-personne-ayant-une-experience-vecue","status":"publish","type":"page","link":"https:\/\/www.accessforkidscancer.ca\/fr\/simpliquer\/joignez-nos-rangs-en-tant-que-personne-ayant-une-experience-vecue\/","title":{"rendered":"Joignez nos rangs en tant que personne ayant une exp\u00e9rience v\u00e9cue"},"content":{"rendered":"<p>Nous reconnaissons l\u2019importance d\u2019inclure divers points de vue pour g\u00e9n\u00e9rer des am\u00e9liorations significatives en tirant parti des id\u00e9es et des exp\u00e9riences uniques des personnes qui ont v\u00e9cu divers d\u00e9fis en mati\u00e8re de soins de sant\u00e9.<\/p>\n","protected":false},"excerpt":{"rendered":"<p>Nous reconnaissons l\u2019importance d\u2019inclure divers points de vue pour g\u00e9n\u00e9rer des am\u00e9liorations significatives en tirant parti des id\u00e9es et des exp\u00e9riences uniques des personnes qui ont v\u00e9cu divers d\u00e9fis en mati\u00e8re de soins de sant\u00e9.<\/p>\n","protected":false},"author":3,"featured_media":0,"parent":2876,"menu_order":0,"comment_status":"closed","ping_status":"closed","template":"templates\/page-joinaspwle.php","meta":{"_acf_changed":false,"_monsterinsights_skip_tracking":false,"_monsterinsights_sitenote_active":false,"_monsterinsights_sitenote_note":"","_monsterinsights_sitenote_category":0,"footnotes":""},"class_list":["post-2895","page","type-page","status-publish","hentry"],"acf":[],"yoast_head":"<!-- This site is optimized with the Yoast SEO plugin v27.0 - https:\/\/yoast.com\/product\/yoast-seo-wordpress\/ -->\n<title>Joignez nos rangs en tant que personne ayant une exp\u00e9rience v\u00e9cue - Access<\/title>\n<meta name=\"robots\" content=\"index, follow, max-snippet:-1, max-image-preview:large, max-video-preview:-1\" \/>\n<link rel=\"canonical\" href=\"https:\/\/www.accessforkidscancer.ca\/fr\/simpliquer\/joignez-nos-rangs-en-tant-que-personne-ayant-une-experience-vecue\/\" \/>\n<meta property=\"og:locale\" content=\"fr_FR\" \/>\n<meta property=\"og:type\" content=\"article\" \/>\n<meta property=\"og:title\" content=\"Joignez nos rangs en tant que personne ayant une exp\u00e9rience v\u00e9cue - Access\" \/>\n<meta property=\"og:description\" content=\"Nous reconnaissons l\u2019importance d\u2019inclure divers points de vue pour g\u00e9n\u00e9rer des am\u00e9liorations significatives en tirant parti des id\u00e9es et des exp\u00e9riences uniques des personnes qui ont v\u00e9cu divers d\u00e9fis en mati\u00e8re de soins de sant\u00e9.\" \/>\n<meta property=\"og:url\" content=\"https:\/\/www.accessforkidscancer.ca\/fr\/simpliquer\/joignez-nos-rangs-en-tant-que-personne-ayant-une-experience-vecue\/\" \/>\n<meta property=\"og:site_name\" content=\"Access\" \/>\n<meta property=\"article:modified_time\" content=\"2024-07-29T17:50:13+00:00\" \/>\n<meta property=\"og:image\" content=\"https:\/\/www.accessforkidscancer.ca\/wp-content\/uploads\/2024\/08\/access-site-image.jpg\" \/>\n\t<meta property=\"og:image:width\" content=\"1200\" \/>\n\t<meta property=\"og:image:height\" content=\"675\" \/>\n\t<meta property=\"og:image:type\" content=\"image\/jpeg\" \/>\n<meta name=\"twitter:card\" content=\"summary_large_image\" \/>\n<meta name=\"twitter:site\" content=\"@acces_access\" \/>\n<meta name=\"twitter:label1\" content=\"Dur\u00e9e de lecture estim\u00e9e\" \/>\n\t<meta name=\"twitter:data1\" content=\"1 minute\" \/>\n<script type=\"application\/ld+json\" class=\"yoast-schema-graph\">{\"@context\":\"https:\/\/schema.org\",\"@graph\":[{\"@type\":\"WebPage\",\"@id\":\"https:\/\/www.accessforkidscancer.ca\/fr\/simpliquer\/joignez-nos-rangs-en-tant-que-personne-ayant-une-experience-vecue\/\",\"url\":\"https:\/\/www.accessforkidscancer.ca\/fr\/simpliquer\/joignez-nos-rangs-en-tant-que-personne-ayant-une-experience-vecue\/\",\"name\":\"Joignez nos rangs en tant que personne ayant une exp\u00e9rience v\u00e9cue - Access\",\"isPartOf\":{\"@id\":\"http:\/\/www.accessforkidscancer.ca\/fr\/#website\"},\"datePublished\":\"2024-07-02T19:26:07+00:00\",\"dateModified\":\"2024-07-29T17:50:13+00:00\",\"breadcrumb\":{\"@id\":\"https:\/\/www.accessforkidscancer.ca\/fr\/simpliquer\/joignez-nos-rangs-en-tant-que-personne-ayant-une-experience-vecue\/#breadcrumb\"},\"inLanguage\":\"fr-FR\",\"potentialAction\":[{\"@type\":\"ReadAction\",\"target\":[\"https:\/\/www.accessforkidscancer.ca\/fr\/simpliquer\/joignez-nos-rangs-en-tant-que-personne-ayant-une-experience-vecue\/\"]}]},{\"@type\":\"BreadcrumbList\",\"@id\":\"https:\/\/www.accessforkidscancer.ca\/fr\/simpliquer\/joignez-nos-rangs-en-tant-que-personne-ayant-une-experience-vecue\/#breadcrumb\",\"itemListElement\":[{\"@type\":\"ListItem\",\"position\":1,\"name\":\"Home\",\"item\":\"http:\/\/www.accessforkidscancer.ca\/fr\/\"},{\"@type\":\"ListItem\",\"position\":2,\"name\":\"S\u2019impliquer\",\"item\":\"https:\/\/www.accessforkidscancer.ca\/fr\/simpliquer\/\"},{\"@type\":\"ListItem\",\"position\":3,\"name\":\"Joignez nos rangs en tant que personne ayant une exp\u00e9rience v\u00e9cue\"}]},{\"@type\":\"WebSite\",\"@id\":\"http:\/\/www.accessforkidscancer.ca\/fr\/#website\",\"url\":\"http:\/\/www.accessforkidscancer.ca\/fr\/\",\"name\":\"ACCESS\",\"description\":\"Advancing Childhood Cancer Experience, Science &amp; Survivorship\",\"publisher\":{\"@id\":\"http:\/\/www.accessforkidscancer.ca\/fr\/#organization\"},\"potentialAction\":[{\"@type\":\"SearchAction\",\"target\":{\"@type\":\"EntryPoint\",\"urlTemplate\":\"http:\/\/www.accessforkidscancer.ca\/fr\/?s={search_term_string}\"},\"query-input\":{\"@type\":\"PropertyValueSpecification\",\"valueRequired\":true,\"valueName\":\"search_term_string\"}}],\"inLanguage\":\"fr-FR\"},{\"@type\":\"Organization\",\"@id\":\"http:\/\/www.accessforkidscancer.ca\/fr\/#organization\",\"name\":\"ACCESS\",\"url\":\"http:\/\/www.accessforkidscancer.ca\/fr\/\",\"logo\":{\"@type\":\"ImageObject\",\"inLanguage\":\"fr-FR\",\"@id\":\"http:\/\/www.accessforkidscancer.ca\/fr\/#\/schema\/logo\/image\/\",\"url\":\"https:\/\/www.accessforkidscancer.ca\/wp-content\/uploads\/2024\/08\/access-organization-logo.png\",\"contentUrl\":\"https:\/\/www.accessforkidscancer.ca\/wp-content\/uploads\/2024\/08\/access-organization-logo.png\",\"width\":696,\"height\":696,\"caption\":\"ACCESS\"},\"image\":{\"@id\":\"http:\/\/www.accessforkidscancer.ca\/fr\/#\/schema\/logo\/image\/\"},\"sameAs\":[\"https:\/\/x.com\/acces_access\",\"https:\/\/www.instagram.com\/access_acces\/\",\"https:\/\/www.linkedin.com\/company\/access-acces\/\",\"https:\/\/www.youtube.com\/channel\/UC0SYgen8vfGlXtikQ8xtQ6A\"]}]}<\/script>\n<!-- \/ Yoast SEO plugin. -->","yoast_head_json":{"title":"Joignez nos rangs en tant que personne ayant une exp\u00e9rience v\u00e9cue - Access","robots":{"index":"index","follow":"follow","max-snippet":"max-snippet:-1","max-image-preview":"max-image-preview:large","max-video-preview":"max-video-preview:-1"},"canonical":"https:\/\/www.accessforkidscancer.ca\/fr\/simpliquer\/joignez-nos-rangs-en-tant-que-personne-ayant-une-experience-vecue\/","og_locale":"fr_FR","og_type":"article","og_title":"Joignez nos rangs en tant que personne ayant une exp\u00e9rience v\u00e9cue - Access","og_description":"Nous reconnaissons l\u2019importance d\u2019inclure divers points de vue pour g\u00e9n\u00e9rer des am\u00e9liorations significatives en tirant parti des id\u00e9es et des exp\u00e9riences uniques des personnes qui ont v\u00e9cu divers d\u00e9fis en mati\u00e8re de soins de sant\u00e9.","og_url":"https:\/\/www.accessforkidscancer.ca\/fr\/simpliquer\/joignez-nos-rangs-en-tant-que-personne-ayant-une-experience-vecue\/","og_site_name":"Access","article_modified_time":"2024-07-29T17:50:13+00:00","og_image":[{"width":1200,"height":675,"url":"https:\/\/www.accessforkidscancer.ca\/wp-content\/uploads\/2024\/08\/access-site-image.jpg","type":"image\/jpeg"}],"twitter_card":"summary_large_image","twitter_site":"@acces_access","twitter_misc":{"Dur\u00e9e de lecture estim\u00e9e":"1 minute"},"schema":{"@context":"https:\/\/schema.org","@graph":[{"@type":"WebPage","@id":"https:\/\/www.accessforkidscancer.ca\/fr\/simpliquer\/joignez-nos-rangs-en-tant-que-personne-ayant-une-experience-vecue\/","url":"https:\/\/www.accessforkidscancer.ca\/fr\/simpliquer\/joignez-nos-rangs-en-tant-que-personne-ayant-une-experience-vecue\/","name":"Joignez nos rangs en tant que personne ayant une exp\u00e9rience v\u00e9cue - Access","isPartOf":{"@id":"http:\/\/www.accessforkidscancer.ca\/fr\/#website"},"datePublished":"2024-07-02T19:26:07+00:00","dateModified":"2024-07-29T17:50:13+00:00","breadcrumb":{"@id":"https:\/\/www.accessforkidscancer.ca\/fr\/simpliquer\/joignez-nos-rangs-en-tant-que-personne-ayant-une-experience-vecue\/#breadcrumb"},"inLanguage":"fr-FR","potentialAction":[{"@type":"ReadAction","target":["https:\/\/www.accessforkidscancer.ca\/fr\/simpliquer\/joignez-nos-rangs-en-tant-que-personne-ayant-une-experience-vecue\/"]}]},{"@type":"BreadcrumbList","@id":"https:\/\/www.accessforkidscancer.ca\/fr\/simpliquer\/joignez-nos-rangs-en-tant-que-personne-ayant-une-experience-vecue\/#breadcrumb","itemListElement":[{"@type":"ListItem","position":1,"name":"Home","item":"http:\/\/www.accessforkidscancer.ca\/fr\/"},{"@type":"ListItem","position":2,"name":"S\u2019impliquer","item":"https:\/\/www.accessforkidscancer.ca\/fr\/simpliquer\/"},{"@type":"ListItem","position":3,"name":"Joignez nos rangs en tant que personne ayant une exp\u00e9rience v\u00e9cue"}]},{"@type":"WebSite","@id":"http:\/\/www.accessforkidscancer.ca\/fr\/#website","url":"http:\/\/www.accessforkidscancer.ca\/fr\/","name":"ACCESS","description":"Advancing Childhood Cancer Experience, Science &amp; Survivorship","publisher":{"@id":"http:\/\/www.accessforkidscancer.ca\/fr\/#organization"},"potentialAction":[{"@type":"SearchAction","target":{"@type":"EntryPoint","urlTemplate":"http:\/\/www.accessforkidscancer.ca\/fr\/?s={search_term_string}"},"query-input":{"@type":"PropertyValueSpecification","valueRequired":true,"valueName":"search_term_string"}}],"inLanguage":"fr-FR"},{"@type":"Organization","@id":"http:\/\/www.accessforkidscancer.ca\/fr\/#organization","name":"ACCESS","url":"http:\/\/www.accessforkidscancer.ca\/fr\/","logo":{"@type":"ImageObject","inLanguage":"fr-FR","@id":"http:\/\/www.accessforkidscancer.ca\/fr\/#\/schema\/logo\/image\/","url":"https:\/\/www.accessforkidscancer.ca\/wp-content\/uploads\/2024\/08\/access-organization-logo.png","contentUrl":"https:\/\/www.accessforkidscancer.ca\/wp-content\/uploads\/2024\/08\/access-organization-logo.png","width":696,"height":696,"caption":"ACCESS"},"image":{"@id":"http:\/\/www.accessforkidscancer.ca\/fr\/#\/schema\/logo\/image\/"},"sameAs":["https:\/\/x.com\/acces_access","https:\/\/www.instagram.com\/access_acces\/","https:\/\/www.linkedin.com\/company\/access-acces\/","https:\/\/www.youtube.com\/channel\/UC0SYgen8vfGlXtikQ8xtQ6A"]}]}},"_links":{"self":[{"href":"https:\/\/www.accessforkidscancer.ca\/fr\/wp-json\/wp\/v2\/pages\/2895","targetHints":{"allow":["GET"]}}],"collection":[{"href":"https:\/\/www.accessforkidscancer.ca\/fr\/wp-json\/wp\/v2\/pages"}],"about":[{"href":"https:\/\/www.accessforkidscancer.ca\/fr\/wp-json\/wp\/v2\/types\/page"}],"author":[{"embeddable":true,"href":"https:\/\/www.accessforkidscancer.ca\/fr\/wp-json\/wp\/v2\/users\/3"}],"replies":[{"embeddable":true,"href":"https:\/\/www.accessforkidscancer.ca\/fr\/wp-json\/wp\/v2\/comments?post=2895"}],"version-history":[{"count":0,"href":"https:\/\/www.accessforkidscancer.ca\/fr\/wp-json\/wp\/v2\/pages\/2895\/revisions"}],"up":[{"embeddable":true,"href":"https:\/\/www.accessforkidscancer.ca\/fr\/wp-json\/wp\/v2\/pages\/2876"}],"wp:attachment":[{"href":"https:\/\/www.accessforkidscancer.ca\/fr\/wp-json\/wp\/v2\/media?parent=2895"}],"curies":[{"name":"wp","href":"https:\/\/api.w.org\/{rel}","templated":true}]}}