{"id":2821,"date":"2024-07-04T19:52:14","date_gmt":"2024-07-04T23:52:14","guid":{"rendered":"https:\/\/demo.creativeisk.com\/access_dev\/?page_id=2821"},"modified":"2024-12-18T14:36:19","modified_gmt":"2024-12-18T19:36:19","slug":"reseau-de-personnes-ayant-une-experience-vecue","status":"publish","type":"page","link":"https:\/\/www.accessforkidscancer.ca\/fr\/notre-travail\/reseau-de-personnes-ayant-une-experience-vecue\/","title":{"rendered":"R\u00e9seau de personnes ayant une exp\u00e9rience v\u00e9cue"},"content":{"rendered":"<p>ACCES reconna\u00eet l\u2019importance d\u2019inclure divers points de vue et id\u00e9es de personnes qui ont \u00e9t\u00e9 directement touch\u00e9es par le cancer p\u00e9diatrique afin de g\u00e9n\u00e9rer des am\u00e9liorations significatives gr\u00e2ce \u00e0 la recherche, aux politiques, aux pratiques, aux processus et aux programmes \u00e0 tous les niveaux d\u2019ACCES.<\/p>\n","protected":false},"excerpt":{"rendered":"<p>ACCES reconna\u00eet l\u2019importance d\u2019inclure divers points de vue et id\u00e9es de personnes qui ont \u00e9t\u00e9 directement touch\u00e9es par le cancer p\u00e9diatrique afin de g\u00e9n\u00e9rer des am\u00e9liorations significatives gr\u00e2ce \u00e0 la recherche, aux politiques, aux pratiques, aux processus et aux programmes \u00e0 tous les niveaux d\u2019ACCES.<\/p>\n","protected":false},"author":3,"featured_media":3622,"parent":2075,"menu_order":0,"comment_status":"closed","ping_status":"closed","template":"templates\/page-our-work-subpage.php","meta":{"_acf_changed":false,"_monsterinsights_skip_tracking":false,"_monsterinsights_sitenote_active":false,"_monsterinsights_sitenote_note":"","_monsterinsights_sitenote_category":0,"footnotes":""},"class_list":["post-2821","page","type-page","status-publish","has-post-thumbnail","hentry"],"acf":[],"yoast_head":"<!-- This site is optimized with the Yoast SEO plugin v27.0 - https:\/\/yoast.com\/product\/yoast-seo-wordpress\/ -->\n<title>R\u00e9seau de personnes ayant une exp\u00e9rience v\u00e9cue - Access<\/title>\n<meta name=\"robots\" content=\"index, follow, max-snippet:-1, max-image-preview:large, max-video-preview:-1\" \/>\n<link rel=\"canonical\" href=\"https:\/\/www.accessforkidscancer.ca\/fr\/notre-travail\/reseau-de-personnes-ayant-une-experience-vecue\/\" \/>\n<meta property=\"og:locale\" content=\"fr_FR\" \/>\n<meta property=\"og:type\" content=\"article\" \/>\n<meta property=\"og:title\" content=\"R\u00e9seau de personnes ayant une exp\u00e9rience v\u00e9cue - Access\" \/>\n<meta property=\"og:description\" content=\"ACCES reconna\u00eet l\u2019importance d\u2019inclure divers points de vue et id\u00e9es de personnes qui ont \u00e9t\u00e9 directement touch\u00e9es par le cancer p\u00e9diatrique afin de g\u00e9n\u00e9rer des am\u00e9liorations significatives gr\u00e2ce \u00e0 la recherche, aux politiques, aux pratiques, aux processus et aux programmes \u00e0 tous les niveaux d\u2019ACCES.\" \/>\n<meta property=\"og:url\" content=\"https:\/\/www.accessforkidscancer.ca\/fr\/notre-travail\/reseau-de-personnes-ayant-une-experience-vecue\/\" \/>\n<meta property=\"og:site_name\" content=\"Access\" \/>\n<meta property=\"article:modified_time\" content=\"2024-12-18T19:36:19+00:00\" \/>\n<meta property=\"og:image\" content=\"https:\/\/www.accessforkidscancer.ca\/wp-content\/uploads\/2025\/03\/LivedExperienceNetwork-scaled.jpg\" \/>\n\t<meta property=\"og:image:width\" content=\"2560\" \/>\n\t<meta property=\"og:image:height\" content=\"678\" \/>\n\t<meta property=\"og:image:type\" content=\"image\/jpeg\" \/>\n<meta name=\"twitter:card\" content=\"summary_large_image\" \/>\n<meta name=\"twitter:site\" content=\"@acces_access\" \/>\n<meta name=\"twitter:label1\" content=\"Dur\u00e9e de lecture estim\u00e9e\" \/>\n\t<meta name=\"twitter:data1\" content=\"1 minute\" \/>\n<script type=\"application\/ld+json\" class=\"yoast-schema-graph\">{\"@context\":\"https:\/\/schema.org\",\"@graph\":[{\"@type\":\"WebPage\",\"@id\":\"https:\/\/www.accessforkidscancer.ca\/fr\/notre-travail\/reseau-de-personnes-ayant-une-experience-vecue\/\",\"url\":\"https:\/\/www.accessforkidscancer.ca\/fr\/notre-travail\/reseau-de-personnes-ayant-une-experience-vecue\/\",\"name\":\"R\u00e9seau de personnes ayant une exp\u00e9rience v\u00e9cue - Access\",\"isPartOf\":{\"@id\":\"https:\/\/www.accessforkidscancer.ca\/fr\/#website\"},\"primaryImageOfPage\":{\"@id\":\"https:\/\/www.accessforkidscancer.ca\/fr\/notre-travail\/reseau-de-personnes-ayant-une-experience-vecue\/#primaryimage\"},\"image\":{\"@id\":\"https:\/\/www.accessforkidscancer.ca\/fr\/notre-travail\/reseau-de-personnes-ayant-une-experience-vecue\/#primaryimage\"},\"thumbnailUrl\":\"https:\/\/www.accessforkidscancer.ca\/wp-content\/uploads\/2025\/03\/LivedExperienceNetwork-scaled.jpg\",\"datePublished\":\"2024-07-04T23:52:14+00:00\",\"dateModified\":\"2024-12-18T19:36:19+00:00\",\"breadcrumb\":{\"@id\":\"https:\/\/www.accessforkidscancer.ca\/fr\/notre-travail\/reseau-de-personnes-ayant-une-experience-vecue\/#breadcrumb\"},\"inLanguage\":\"fr-FR\",\"potentialAction\":[{\"@type\":\"ReadAction\",\"target\":[\"https:\/\/www.accessforkidscancer.ca\/fr\/notre-travail\/reseau-de-personnes-ayant-une-experience-vecue\/\"]}]},{\"@type\":\"ImageObject\",\"inLanguage\":\"fr-FR\",\"@id\":\"https:\/\/www.accessforkidscancer.ca\/fr\/notre-travail\/reseau-de-personnes-ayant-une-experience-vecue\/#primaryimage\",\"url\":\"https:\/\/www.accessforkidscancer.ca\/wp-content\/uploads\/2025\/03\/LivedExperienceNetwork-scaled.jpg\",\"contentUrl\":\"https:\/\/www.accessforkidscancer.ca\/wp-content\/uploads\/2025\/03\/LivedExperienceNetwork-scaled.jpg\",\"width\":2560,\"height\":678},{\"@type\":\"BreadcrumbList\",\"@id\":\"https:\/\/www.accessforkidscancer.ca\/fr\/notre-travail\/reseau-de-personnes-ayant-une-experience-vecue\/#breadcrumb\",\"itemListElement\":[{\"@type\":\"ListItem\",\"position\":1,\"name\":\"Home\",\"item\":\"http:\/\/www.accessforkidscancer.ca\/fr\/\"},{\"@type\":\"ListItem\",\"position\":2,\"name\":\"Notre travail\",\"item\":\"http:\/\/www.accessforkidscancer.ca\/fr\/notre-travail\/\"},{\"@type\":\"ListItem\",\"position\":3,\"name\":\"R\u00e9seau de personnes ayant une exp\u00e9rience v\u00e9cue\"}]},{\"@type\":\"WebSite\",\"@id\":\"https:\/\/www.accessforkidscancer.ca\/fr\/#website\",\"url\":\"https:\/\/www.accessforkidscancer.ca\/fr\/\",\"name\":\"ACCESS\",\"description\":\"Advancing Childhood Cancer Experience, Science &amp; Survivorship\",\"publisher\":{\"@id\":\"https:\/\/www.accessforkidscancer.ca\/fr\/#organization\"},\"potentialAction\":[{\"@type\":\"SearchAction\",\"target\":{\"@type\":\"EntryPoint\",\"urlTemplate\":\"https:\/\/www.accessforkidscancer.ca\/fr\/?s={search_term_string}\"},\"query-input\":{\"@type\":\"PropertyValueSpecification\",\"valueRequired\":true,\"valueName\":\"search_term_string\"}}],\"inLanguage\":\"fr-FR\"},{\"@type\":\"Organization\",\"@id\":\"https:\/\/www.accessforkidscancer.ca\/fr\/#organization\",\"name\":\"ACCESS\",\"url\":\"https:\/\/www.accessforkidscancer.ca\/fr\/\",\"logo\":{\"@type\":\"ImageObject\",\"inLanguage\":\"fr-FR\",\"@id\":\"https:\/\/www.accessforkidscancer.ca\/fr\/#\/schema\/logo\/image\/\",\"url\":\"https:\/\/www.accessforkidscancer.ca\/wp-content\/uploads\/2024\/08\/access-organization-logo.png\",\"contentUrl\":\"https:\/\/www.accessforkidscancer.ca\/wp-content\/uploads\/2024\/08\/access-organization-logo.png\",\"width\":696,\"height\":696,\"caption\":\"ACCESS\"},\"image\":{\"@id\":\"https:\/\/www.accessforkidscancer.ca\/fr\/#\/schema\/logo\/image\/\"},\"sameAs\":[\"https:\/\/x.com\/acces_access\",\"https:\/\/www.instagram.com\/access_acces\/\",\"https:\/\/www.linkedin.com\/company\/access-acces\/\",\"https:\/\/www.youtube.com\/channel\/UC0SYgen8vfGlXtikQ8xtQ6A\"]}]}<\/script>\n<!-- \/ Yoast SEO plugin. -->","yoast_head_json":{"title":"R\u00e9seau de personnes ayant une exp\u00e9rience v\u00e9cue - Access","robots":{"index":"index","follow":"follow","max-snippet":"max-snippet:-1","max-image-preview":"max-image-preview:large","max-video-preview":"max-video-preview:-1"},"canonical":"https:\/\/www.accessforkidscancer.ca\/fr\/notre-travail\/reseau-de-personnes-ayant-une-experience-vecue\/","og_locale":"fr_FR","og_type":"article","og_title":"R\u00e9seau de personnes ayant une exp\u00e9rience v\u00e9cue - Access","og_description":"ACCES reconna\u00eet l\u2019importance d\u2019inclure divers points de vue et id\u00e9es de personnes qui ont \u00e9t\u00e9 directement touch\u00e9es par le cancer p\u00e9diatrique afin de g\u00e9n\u00e9rer des am\u00e9liorations significatives gr\u00e2ce \u00e0 la recherche, aux politiques, aux pratiques, aux processus et aux programmes \u00e0 tous les niveaux d\u2019ACCES.","og_url":"https:\/\/www.accessforkidscancer.ca\/fr\/notre-travail\/reseau-de-personnes-ayant-une-experience-vecue\/","og_site_name":"Access","article_modified_time":"2024-12-18T19:36:19+00:00","og_image":[{"width":2560,"height":678,"url":"https:\/\/www.accessforkidscancer.ca\/wp-content\/uploads\/2025\/03\/LivedExperienceNetwork-scaled.jpg","type":"image\/jpeg"}],"twitter_card":"summary_large_image","twitter_site":"@acces_access","twitter_misc":{"Dur\u00e9e de lecture estim\u00e9e":"1 minute"},"schema":{"@context":"https:\/\/schema.org","@graph":[{"@type":"WebPage","@id":"https:\/\/www.accessforkidscancer.ca\/fr\/notre-travail\/reseau-de-personnes-ayant-une-experience-vecue\/","url":"https:\/\/www.accessforkidscancer.ca\/fr\/notre-travail\/reseau-de-personnes-ayant-une-experience-vecue\/","name":"R\u00e9seau de personnes ayant une exp\u00e9rience v\u00e9cue - Access","isPartOf":{"@id":"https:\/\/www.accessforkidscancer.ca\/fr\/#website"},"primaryImageOfPage":{"@id":"https:\/\/www.accessforkidscancer.ca\/fr\/notre-travail\/reseau-de-personnes-ayant-une-experience-vecue\/#primaryimage"},"image":{"@id":"https:\/\/www.accessforkidscancer.ca\/fr\/notre-travail\/reseau-de-personnes-ayant-une-experience-vecue\/#primaryimage"},"thumbnailUrl":"https:\/\/www.accessforkidscancer.ca\/wp-content\/uploads\/2025\/03\/LivedExperienceNetwork-scaled.jpg","datePublished":"2024-07-04T23:52:14+00:00","dateModified":"2024-12-18T19:36:19+00:00","breadcrumb":{"@id":"https:\/\/www.accessforkidscancer.ca\/fr\/notre-travail\/reseau-de-personnes-ayant-une-experience-vecue\/#breadcrumb"},"inLanguage":"fr-FR","potentialAction":[{"@type":"ReadAction","target":["https:\/\/www.accessforkidscancer.ca\/fr\/notre-travail\/reseau-de-personnes-ayant-une-experience-vecue\/"]}]},{"@type":"ImageObject","inLanguage":"fr-FR","@id":"https:\/\/www.accessforkidscancer.ca\/fr\/notre-travail\/reseau-de-personnes-ayant-une-experience-vecue\/#primaryimage","url":"https:\/\/www.accessforkidscancer.ca\/wp-content\/uploads\/2025\/03\/LivedExperienceNetwork-scaled.jpg","contentUrl":"https:\/\/www.accessforkidscancer.ca\/wp-content\/uploads\/2025\/03\/LivedExperienceNetwork-scaled.jpg","width":2560,"height":678},{"@type":"BreadcrumbList","@id":"https:\/\/www.accessforkidscancer.ca\/fr\/notre-travail\/reseau-de-personnes-ayant-une-experience-vecue\/#breadcrumb","itemListElement":[{"@type":"ListItem","position":1,"name":"Home","item":"http:\/\/www.accessforkidscancer.ca\/fr\/"},{"@type":"ListItem","position":2,"name":"Notre travail","item":"http:\/\/www.accessforkidscancer.ca\/fr\/notre-travail\/"},{"@type":"ListItem","position":3,"name":"R\u00e9seau de personnes ayant une exp\u00e9rience v\u00e9cue"}]},{"@type":"WebSite","@id":"https:\/\/www.accessforkidscancer.ca\/fr\/#website","url":"https:\/\/www.accessforkidscancer.ca\/fr\/","name":"ACCESS","description":"Advancing Childhood Cancer Experience, Science &amp; Survivorship","publisher":{"@id":"https:\/\/www.accessforkidscancer.ca\/fr\/#organization"},"potentialAction":[{"@type":"SearchAction","target":{"@type":"EntryPoint","urlTemplate":"https:\/\/www.accessforkidscancer.ca\/fr\/?s={search_term_string}"},"query-input":{"@type":"PropertyValueSpecification","valueRequired":true,"valueName":"search_term_string"}}],"inLanguage":"fr-FR"},{"@type":"Organization","@id":"https:\/\/www.accessforkidscancer.ca\/fr\/#organization","name":"ACCESS","url":"https:\/\/www.accessforkidscancer.ca\/fr\/","logo":{"@type":"ImageObject","inLanguage":"fr-FR","@id":"https:\/\/www.accessforkidscancer.ca\/fr\/#\/schema\/logo\/image\/","url":"https:\/\/www.accessforkidscancer.ca\/wp-content\/uploads\/2024\/08\/access-organization-logo.png","contentUrl":"https:\/\/www.accessforkidscancer.ca\/wp-content\/uploads\/2024\/08\/access-organization-logo.png","width":696,"height":696,"caption":"ACCESS"},"image":{"@id":"https:\/\/www.accessforkidscancer.ca\/fr\/#\/schema\/logo\/image\/"},"sameAs":["https:\/\/x.com\/acces_access","https:\/\/www.instagram.com\/access_acces\/","https:\/\/www.linkedin.com\/company\/access-acces\/","https:\/\/www.youtube.com\/channel\/UC0SYgen8vfGlXtikQ8xtQ6A"]}]}},"_links":{"self":[{"href":"https:\/\/www.accessforkidscancer.ca\/fr\/wp-json\/wp\/v2\/pages\/2821","targetHints":{"allow":["GET"]}}],"collection":[{"href":"https:\/\/www.accessforkidscancer.ca\/fr\/wp-json\/wp\/v2\/pages"}],"about":[{"href":"https:\/\/www.accessforkidscancer.ca\/fr\/wp-json\/wp\/v2\/types\/page"}],"author":[{"embeddable":true,"href":"https:\/\/www.accessforkidscancer.ca\/fr\/wp-json\/wp\/v2\/users\/3"}],"replies":[{"embeddable":true,"href":"https:\/\/www.accessforkidscancer.ca\/fr\/wp-json\/wp\/v2\/comments?post=2821"}],"version-history":[{"count":0,"href":"https:\/\/www.accessforkidscancer.ca\/fr\/wp-json\/wp\/v2\/pages\/2821\/revisions"}],"up":[{"embeddable":true,"href":"https:\/\/www.accessforkidscancer.ca\/fr\/wp-json\/wp\/v2\/pages\/2075"}],"wp:featuredmedia":[{"embeddable":true,"href":"https:\/\/www.accessforkidscancer.ca\/fr\/wp-json\/wp\/v2\/media\/3622"}],"wp:attachment":[{"href":"https:\/\/www.accessforkidscancer.ca\/fr\/wp-json\/wp\/v2\/media?parent=2821"}],"curies":[{"name":"wp","href":"https:\/\/api.w.org\/{rel}","templated":true}]}}