{"id":2892,"date":"2024-07-04T16:55:00","date_gmt":"2024-07-04T16:55:00","guid":{"rendered":"https:\/\/demo.creativeisk.com\/access_dev\/simpliquer\/join-our-research-themes-groups\/"},"modified":"2024-07-29T17:44:14","modified_gmt":"2024-07-29T17:44:14","slug":"joignez-vous-a-nos-themes-de-recherche-et-a-nos-groupes","status":"publish","type":"page","link":"http:\/\/www.accessforkidscancer.ca\/fr\/simpliquer\/joignez-vous-a-nos-themes-de-recherche-et-a-nos-groupes\/","title":{"rendered":"Joignez-vous \u00e0 nos th\u00e8mes de recherche et \u00e0 nos groupes"},"content":{"rendered":"<p>Nous sommes organis\u00e9s en sept th\u00e8mes de recherche allant de la compr\u00e9hension du d\u00e9veloppement du cancer \u00e0 son diagnostic, son traitement et sa survie et deux groupes transversaux qui appuient tous les domaines th\u00e9matiques.<\/p>\n","protected":false},"excerpt":{"rendered":"<p>Nous sommes organis\u00e9s en sept th\u00e8mes de recherche allant de la compr\u00e9hension du d\u00e9veloppement du cancer \u00e0 son diagnostic, son traitement et sa survie et deux groupes transversaux qui appuient tous les domaines th\u00e9matiques.<\/p>\n","protected":false},"author":3,"featured_media":0,"parent":2876,"menu_order":0,"comment_status":"closed","ping_status":"closed","template":"templates\/page-joinaspwle.php","meta":{"_acf_changed":false,"_monsterinsights_skip_tracking":false,"_monsterinsights_sitenote_active":false,"_monsterinsights_sitenote_note":"","_monsterinsights_sitenote_category":0,"footnotes":""},"class_list":["post-2892","page","type-page","status-publish","hentry"],"acf":[],"yoast_head":"<!-- This site is optimized with the Yoast SEO plugin v27.0 - https:\/\/yoast.com\/product\/yoast-seo-wordpress\/ -->\n<title>Joignez-vous \u00e0 nos th\u00e8mes de recherche et \u00e0 nos groupes - Access<\/title>\n<meta name=\"robots\" content=\"index, follow, max-snippet:-1, max-image-preview:large, max-video-preview:-1\" \/>\n<link rel=\"canonical\" href=\"http:\/\/www.accessforkidscancer.ca\/fr\/simpliquer\/joignez-vous-a-nos-themes-de-recherche-et-a-nos-groupes\/\" \/>\n<meta property=\"og:locale\" content=\"fr_FR\" \/>\n<meta property=\"og:type\" content=\"article\" \/>\n<meta property=\"og:title\" content=\"Joignez-vous \u00e0 nos th\u00e8mes de recherche et \u00e0 nos groupes - Access\" \/>\n<meta property=\"og:description\" content=\"Nous sommes organis\u00e9s en sept th\u00e8mes de recherche allant de la compr\u00e9hension du d\u00e9veloppement du cancer \u00e0 son diagnostic, son traitement et sa survie et deux groupes transversaux qui appuient tous les domaines th\u00e9matiques.\" \/>\n<meta property=\"og:url\" content=\"http:\/\/www.accessforkidscancer.ca\/fr\/simpliquer\/joignez-vous-a-nos-themes-de-recherche-et-a-nos-groupes\/\" \/>\n<meta property=\"og:site_name\" content=\"Access\" \/>\n<meta property=\"article:modified_time\" content=\"2024-07-29T17:44:14+00:00\" \/>\n<meta property=\"og:image\" content=\"http:\/\/www.accessforkidscancer.ca\/wp-content\/uploads\/2024\/08\/access-site-image.jpg\" \/>\n\t<meta property=\"og:image:width\" content=\"1200\" \/>\n\t<meta property=\"og:image:height\" content=\"675\" \/>\n\t<meta property=\"og:image:type\" content=\"image\/jpeg\" \/>\n<meta name=\"twitter:card\" content=\"summary_large_image\" \/>\n<meta name=\"twitter:site\" content=\"@acces_access\" \/>\n<meta name=\"twitter:label1\" content=\"Dur\u00e9e de lecture estim\u00e9e\" \/>\n\t<meta name=\"twitter:data1\" content=\"1 minute\" \/>\n<script type=\"application\/ld+json\" class=\"yoast-schema-graph\">{\"@context\":\"https:\/\/schema.org\",\"@graph\":[{\"@type\":\"WebPage\",\"@id\":\"http:\/\/www.accessforkidscancer.ca\/fr\/simpliquer\/joignez-vous-a-nos-themes-de-recherche-et-a-nos-groupes\/\",\"url\":\"http:\/\/www.accessforkidscancer.ca\/fr\/simpliquer\/joignez-vous-a-nos-themes-de-recherche-et-a-nos-groupes\/\",\"name\":\"Joignez-vous \u00e0 nos th\u00e8mes de recherche et \u00e0 nos groupes - Access\",\"isPartOf\":{\"@id\":\"https:\/\/www.accessforkidscancer.ca\/fr\/#website\"},\"datePublished\":\"2024-07-04T16:55:00+00:00\",\"dateModified\":\"2024-07-29T17:44:14+00:00\",\"breadcrumb\":{\"@id\":\"http:\/\/www.accessforkidscancer.ca\/fr\/simpliquer\/joignez-vous-a-nos-themes-de-recherche-et-a-nos-groupes\/#breadcrumb\"},\"inLanguage\":\"fr-FR\",\"potentialAction\":[{\"@type\":\"ReadAction\",\"target\":[\"http:\/\/www.accessforkidscancer.ca\/fr\/simpliquer\/joignez-vous-a-nos-themes-de-recherche-et-a-nos-groupes\/\"]}]},{\"@type\":\"BreadcrumbList\",\"@id\":\"http:\/\/www.accessforkidscancer.ca\/fr\/simpliquer\/joignez-vous-a-nos-themes-de-recherche-et-a-nos-groupes\/#breadcrumb\",\"itemListElement\":[{\"@type\":\"ListItem\",\"position\":1,\"name\":\"Home\",\"item\":\"http:\/\/www.accessforkidscancer.ca\/fr\/\"},{\"@type\":\"ListItem\",\"position\":2,\"name\":\"S\u2019impliquer\",\"item\":\"http:\/\/www.accessforkidscancer.ca\/fr\/simpliquer\/\"},{\"@type\":\"ListItem\",\"position\":3,\"name\":\"Joignez-vous \u00e0 nos th\u00e8mes de recherche et \u00e0 nos groupes\"}]},{\"@type\":\"WebSite\",\"@id\":\"https:\/\/www.accessforkidscancer.ca\/fr\/#website\",\"url\":\"https:\/\/www.accessforkidscancer.ca\/fr\/\",\"name\":\"ACCESS\",\"description\":\"Advancing Childhood Cancer Experience, Science &amp; Survivorship\",\"publisher\":{\"@id\":\"https:\/\/www.accessforkidscancer.ca\/fr\/#organization\"},\"potentialAction\":[{\"@type\":\"SearchAction\",\"target\":{\"@type\":\"EntryPoint\",\"urlTemplate\":\"https:\/\/www.accessforkidscancer.ca\/fr\/?s={search_term_string}\"},\"query-input\":{\"@type\":\"PropertyValueSpecification\",\"valueRequired\":true,\"valueName\":\"search_term_string\"}}],\"inLanguage\":\"fr-FR\"},{\"@type\":\"Organization\",\"@id\":\"https:\/\/www.accessforkidscancer.ca\/fr\/#organization\",\"name\":\"ACCESS\",\"url\":\"https:\/\/www.accessforkidscancer.ca\/fr\/\",\"logo\":{\"@type\":\"ImageObject\",\"inLanguage\":\"fr-FR\",\"@id\":\"https:\/\/www.accessforkidscancer.ca\/fr\/#\/schema\/logo\/image\/\",\"url\":\"https:\/\/www.accessforkidscancer.ca\/wp-content\/uploads\/2024\/08\/access-organization-logo.png\",\"contentUrl\":\"https:\/\/www.accessforkidscancer.ca\/wp-content\/uploads\/2024\/08\/access-organization-logo.png\",\"width\":696,\"height\":696,\"caption\":\"ACCESS\"},\"image\":{\"@id\":\"https:\/\/www.accessforkidscancer.ca\/fr\/#\/schema\/logo\/image\/\"},\"sameAs\":[\"https:\/\/x.com\/acces_access\",\"https:\/\/www.instagram.com\/access_acces\/\",\"https:\/\/www.linkedin.com\/company\/access-acces\/\",\"https:\/\/www.youtube.com\/channel\/UC0SYgen8vfGlXtikQ8xtQ6A\"]}]}<\/script>\n<!-- \/ Yoast SEO plugin. -->","yoast_head_json":{"title":"Joignez-vous \u00e0 nos th\u00e8mes de recherche et \u00e0 nos groupes - Access","robots":{"index":"index","follow":"follow","max-snippet":"max-snippet:-1","max-image-preview":"max-image-preview:large","max-video-preview":"max-video-preview:-1"},"canonical":"http:\/\/www.accessforkidscancer.ca\/fr\/simpliquer\/joignez-vous-a-nos-themes-de-recherche-et-a-nos-groupes\/","og_locale":"fr_FR","og_type":"article","og_title":"Joignez-vous \u00e0 nos th\u00e8mes de recherche et \u00e0 nos groupes - Access","og_description":"Nous sommes organis\u00e9s en sept th\u00e8mes de recherche allant de la compr\u00e9hension du d\u00e9veloppement du cancer \u00e0 son diagnostic, son traitement et sa survie et deux groupes transversaux qui appuient tous les domaines th\u00e9matiques.","og_url":"http:\/\/www.accessforkidscancer.ca\/fr\/simpliquer\/joignez-vous-a-nos-themes-de-recherche-et-a-nos-groupes\/","og_site_name":"Access","article_modified_time":"2024-07-29T17:44:14+00:00","og_image":[{"width":1200,"height":675,"url":"http:\/\/www.accessforkidscancer.ca\/wp-content\/uploads\/2024\/08\/access-site-image.jpg","type":"image\/jpeg"}],"twitter_card":"summary_large_image","twitter_site":"@acces_access","twitter_misc":{"Dur\u00e9e de lecture estim\u00e9e":"1 minute"},"schema":{"@context":"https:\/\/schema.org","@graph":[{"@type":"WebPage","@id":"http:\/\/www.accessforkidscancer.ca\/fr\/simpliquer\/joignez-vous-a-nos-themes-de-recherche-et-a-nos-groupes\/","url":"http:\/\/www.accessforkidscancer.ca\/fr\/simpliquer\/joignez-vous-a-nos-themes-de-recherche-et-a-nos-groupes\/","name":"Joignez-vous \u00e0 nos th\u00e8mes de recherche et \u00e0 nos groupes - Access","isPartOf":{"@id":"https:\/\/www.accessforkidscancer.ca\/fr\/#website"},"datePublished":"2024-07-04T16:55:00+00:00","dateModified":"2024-07-29T17:44:14+00:00","breadcrumb":{"@id":"http:\/\/www.accessforkidscancer.ca\/fr\/simpliquer\/joignez-vous-a-nos-themes-de-recherche-et-a-nos-groupes\/#breadcrumb"},"inLanguage":"fr-FR","potentialAction":[{"@type":"ReadAction","target":["http:\/\/www.accessforkidscancer.ca\/fr\/simpliquer\/joignez-vous-a-nos-themes-de-recherche-et-a-nos-groupes\/"]}]},{"@type":"BreadcrumbList","@id":"http:\/\/www.accessforkidscancer.ca\/fr\/simpliquer\/joignez-vous-a-nos-themes-de-recherche-et-a-nos-groupes\/#breadcrumb","itemListElement":[{"@type":"ListItem","position":1,"name":"Home","item":"http:\/\/www.accessforkidscancer.ca\/fr\/"},{"@type":"ListItem","position":2,"name":"S\u2019impliquer","item":"http:\/\/www.accessforkidscancer.ca\/fr\/simpliquer\/"},{"@type":"ListItem","position":3,"name":"Joignez-vous \u00e0 nos th\u00e8mes de recherche et \u00e0 nos groupes"}]},{"@type":"WebSite","@id":"https:\/\/www.accessforkidscancer.ca\/fr\/#website","url":"https:\/\/www.accessforkidscancer.ca\/fr\/","name":"ACCESS","description":"Advancing Childhood Cancer Experience, Science &amp; Survivorship","publisher":{"@id":"https:\/\/www.accessforkidscancer.ca\/fr\/#organization"},"potentialAction":[{"@type":"SearchAction","target":{"@type":"EntryPoint","urlTemplate":"https:\/\/www.accessforkidscancer.ca\/fr\/?s={search_term_string}"},"query-input":{"@type":"PropertyValueSpecification","valueRequired":true,"valueName":"search_term_string"}}],"inLanguage":"fr-FR"},{"@type":"Organization","@id":"https:\/\/www.accessforkidscancer.ca\/fr\/#organization","name":"ACCESS","url":"https:\/\/www.accessforkidscancer.ca\/fr\/","logo":{"@type":"ImageObject","inLanguage":"fr-FR","@id":"https:\/\/www.accessforkidscancer.ca\/fr\/#\/schema\/logo\/image\/","url":"https:\/\/www.accessforkidscancer.ca\/wp-content\/uploads\/2024\/08\/access-organization-logo.png","contentUrl":"https:\/\/www.accessforkidscancer.ca\/wp-content\/uploads\/2024\/08\/access-organization-logo.png","width":696,"height":696,"caption":"ACCESS"},"image":{"@id":"https:\/\/www.accessforkidscancer.ca\/fr\/#\/schema\/logo\/image\/"},"sameAs":["https:\/\/x.com\/acces_access","https:\/\/www.instagram.com\/access_acces\/","https:\/\/www.linkedin.com\/company\/access-acces\/","https:\/\/www.youtube.com\/channel\/UC0SYgen8vfGlXtikQ8xtQ6A"]}]}},"_links":{"self":[{"href":"http:\/\/www.accessforkidscancer.ca\/fr\/wp-json\/wp\/v2\/pages\/2892","targetHints":{"allow":["GET"]}}],"collection":[{"href":"http:\/\/www.accessforkidscancer.ca\/fr\/wp-json\/wp\/v2\/pages"}],"about":[{"href":"http:\/\/www.accessforkidscancer.ca\/fr\/wp-json\/wp\/v2\/types\/page"}],"author":[{"embeddable":true,"href":"http:\/\/www.accessforkidscancer.ca\/fr\/wp-json\/wp\/v2\/users\/3"}],"replies":[{"embeddable":true,"href":"http:\/\/www.accessforkidscancer.ca\/fr\/wp-json\/wp\/v2\/comments?post=2892"}],"version-history":[{"count":0,"href":"http:\/\/www.accessforkidscancer.ca\/fr\/wp-json\/wp\/v2\/pages\/2892\/revisions"}],"up":[{"embeddable":true,"href":"http:\/\/www.accessforkidscancer.ca\/fr\/wp-json\/wp\/v2\/pages\/2876"}],"wp:attachment":[{"href":"http:\/\/www.accessforkidscancer.ca\/fr\/wp-json\/wp\/v2\/media?parent=2892"}],"curies":[{"name":"wp","href":"https:\/\/api.w.org\/{rel}","templated":true}]}}