{"id":2005,"date":"2024-06-27T20:50:49","date_gmt":"2024-06-28T00:50:49","guid":{"rendered":"https:\/\/demo.creativeisk.com\/access_dev\/?page_id=2005"},"modified":"2025-05-16T10:25:55","modified_gmt":"2025-05-16T14:25:55","slug":"nos-partenaires","status":"publish","type":"page","link":"http:\/\/www.accessforkidscancer.ca\/fr\/a-propos-de-nous\/nos-partenaires\/","title":{"rendered":"Nos partenaires"},"content":{"rendered":"<p>Nous sommes heureux de travailler avec de nombreux partenaires communautaires au sein de l\u2019\u00e9cosyst\u00e8me du cancer p\u00e9diatrique dans le but de susciter un changement transformateur pour les enfants atteints de cancer au Canada\u00a0: Canadian Institutes of Health Research, Sarah\u2019s Fund for Cedars, Accelerate, Acorn, Aladdin, BioCan, BioCanRX, Canadian Cancer Advocacy, Childhood Cancer Canada, Canadian Cancer Clinical Trials Network, CANON, CanSaRCC, Children\u2019s Cancer &amp; Blood Disorders, CTTC, Canadian Pediatric Brain Tumor Consortium, Garron Family Cancer Centre, Helena\u2019s Hope, Leucan, LFSA, PediatricCancer, POGO, RareKidsCAN, Sick Kids Research Institute, U-Link Canada<\/p>\n","protected":false},"excerpt":{"rendered":"<p>Nous sommes heureux de travailler avec de nombreux partenaires communautaires au sein de l\u2019\u00e9cosyst\u00e8me du cancer p\u00e9diatrique dans le but de susciter un changement transformateur pour les enfants atteints de cancer au Canada\u00a0: Canadian Institutes of Health Research, Sarah\u2019s Fund for Cedars, Accelerate, Acorn, Aladdin, BioCan, BioCanRX, Canadian Cancer Advocacy, Childhood Cancer Canada, Canadian Cancer<a class=\"excerpt-read-more\" href=\"http:\/\/www.accessforkidscancer.ca\/fr\/a-propos-de-nous\/nos-partenaires\/\" title=\"ReadNos partenaires\">&#8230; Read more <\/a><\/p>\n","protected":false},"author":3,"featured_media":0,"parent":1982,"menu_order":0,"comment_status":"closed","ping_status":"closed","template":"templates\/page-our-partners.php","meta":{"_acf_changed":false,"_monsterinsights_skip_tracking":false,"_monsterinsights_sitenote_active":false,"_monsterinsights_sitenote_note":"","_monsterinsights_sitenote_category":0,"footnotes":""},"class_list":["post-2005","page","type-page","status-publish","hentry"],"acf":[],"yoast_head":"<!-- This site is optimized with the Yoast SEO plugin v27.0 - https:\/\/yoast.com\/product\/yoast-seo-wordpress\/ -->\n<title>Nos partenaires - Access<\/title>\n<meta name=\"robots\" content=\"index, follow, max-snippet:-1, max-image-preview:large, max-video-preview:-1\" \/>\n<link rel=\"canonical\" href=\"http:\/\/www.accessforkidscancer.ca\/fr\/a-propos-de-nous\/nos-partenaires\/\" \/>\n<meta property=\"og:locale\" content=\"fr_FR\" \/>\n<meta property=\"og:type\" content=\"article\" \/>\n<meta property=\"og:title\" content=\"Nos partenaires - Access\" \/>\n<meta property=\"og:description\" content=\"Nous sommes heureux de travailler avec de nombreux partenaires communautaires au sein de l\u2019\u00e9cosyst\u00e8me du cancer p\u00e9diatrique dans le but de susciter un changement transformateur pour les enfants atteints de cancer au Canada\u00a0: Canadian Institutes of Health Research, Sarah\u2019s Fund for Cedars, Accelerate, Acorn, Aladdin, BioCan, BioCanRX, Canadian Cancer Advocacy, Childhood Cancer Canada, Canadian Cancer... Read more\" \/>\n<meta property=\"og:url\" content=\"http:\/\/www.accessforkidscancer.ca\/fr\/a-propos-de-nous\/nos-partenaires\/\" \/>\n<meta property=\"og:site_name\" content=\"Access\" \/>\n<meta property=\"article:modified_time\" content=\"2025-05-16T14:25:55+00:00\" \/>\n<meta property=\"og:image\" content=\"http:\/\/www.accessforkidscancer.ca\/wp-content\/uploads\/2024\/08\/access-site-image.jpg\" \/>\n\t<meta property=\"og:image:width\" content=\"1200\" \/>\n\t<meta property=\"og:image:height\" content=\"675\" \/>\n\t<meta property=\"og:image:type\" content=\"image\/jpeg\" \/>\n<meta name=\"twitter:card\" content=\"summary_large_image\" \/>\n<meta name=\"twitter:site\" content=\"@acces_access\" \/>\n<meta name=\"twitter:label1\" content=\"Dur\u00e9e de lecture estim\u00e9e\" \/>\n\t<meta name=\"twitter:data1\" content=\"1 minute\" \/>\n<script type=\"application\/ld+json\" class=\"yoast-schema-graph\">{\"@context\":\"https:\/\/schema.org\",\"@graph\":[{\"@type\":\"WebPage\",\"@id\":\"http:\/\/www.accessforkidscancer.ca\/fr\/a-propos-de-nous\/nos-partenaires\/\",\"url\":\"http:\/\/www.accessforkidscancer.ca\/fr\/a-propos-de-nous\/nos-partenaires\/\",\"name\":\"Nos partenaires - Access\",\"isPartOf\":{\"@id\":\"https:\/\/www.accessforkidscancer.ca\/fr\/#website\"},\"datePublished\":\"2024-06-28T00:50:49+00:00\",\"dateModified\":\"2025-05-16T14:25:55+00:00\",\"breadcrumb\":{\"@id\":\"http:\/\/www.accessforkidscancer.ca\/fr\/a-propos-de-nous\/nos-partenaires\/#breadcrumb\"},\"inLanguage\":\"fr-FR\",\"potentialAction\":[{\"@type\":\"ReadAction\",\"target\":[\"http:\/\/www.accessforkidscancer.ca\/fr\/a-propos-de-nous\/nos-partenaires\/\"]}]},{\"@type\":\"BreadcrumbList\",\"@id\":\"http:\/\/www.accessforkidscancer.ca\/fr\/a-propos-de-nous\/nos-partenaires\/#breadcrumb\",\"itemListElement\":[{\"@type\":\"ListItem\",\"position\":1,\"name\":\"Home\",\"item\":\"https:\/\/www.accessforkidscancer.ca\/fr\/\"},{\"@type\":\"ListItem\",\"position\":2,\"name\":\"\u00c0 Propos de nous\",\"item\":\"https:\/\/www.accessforkidscancer.ca\/fr\/a-propos-de-nous\/\"},{\"@type\":\"ListItem\",\"position\":3,\"name\":\"Nos partenaires\"}]},{\"@type\":\"WebSite\",\"@id\":\"https:\/\/www.accessforkidscancer.ca\/fr\/#website\",\"url\":\"https:\/\/www.accessforkidscancer.ca\/fr\/\",\"name\":\"ACCESS\",\"description\":\"Advancing Childhood Cancer Experience, Science &amp; Survivorship\",\"publisher\":{\"@id\":\"https:\/\/www.accessforkidscancer.ca\/fr\/#organization\"},\"potentialAction\":[{\"@type\":\"SearchAction\",\"target\":{\"@type\":\"EntryPoint\",\"urlTemplate\":\"https:\/\/www.accessforkidscancer.ca\/fr\/?s={search_term_string}\"},\"query-input\":{\"@type\":\"PropertyValueSpecification\",\"valueRequired\":true,\"valueName\":\"search_term_string\"}}],\"inLanguage\":\"fr-FR\"},{\"@type\":\"Organization\",\"@id\":\"https:\/\/www.accessforkidscancer.ca\/fr\/#organization\",\"name\":\"ACCESS\",\"url\":\"https:\/\/www.accessforkidscancer.ca\/fr\/\",\"logo\":{\"@type\":\"ImageObject\",\"inLanguage\":\"fr-FR\",\"@id\":\"https:\/\/www.accessforkidscancer.ca\/fr\/#\/schema\/logo\/image\/\",\"url\":\"https:\/\/www.accessforkidscancer.ca\/wp-content\/uploads\/2024\/08\/access-organization-logo.png\",\"contentUrl\":\"https:\/\/www.accessforkidscancer.ca\/wp-content\/uploads\/2024\/08\/access-organization-logo.png\",\"width\":696,\"height\":696,\"caption\":\"ACCESS\"},\"image\":{\"@id\":\"https:\/\/www.accessforkidscancer.ca\/fr\/#\/schema\/logo\/image\/\"},\"sameAs\":[\"https:\/\/x.com\/acces_access\",\"https:\/\/www.instagram.com\/access_acces\/\",\"https:\/\/www.linkedin.com\/company\/access-acces\/\",\"https:\/\/www.youtube.com\/channel\/UC0SYgen8vfGlXtikQ8xtQ6A\"]}]}<\/script>\n<!-- \/ Yoast SEO plugin. -->","yoast_head_json":{"title":"Nos partenaires - Access","robots":{"index":"index","follow":"follow","max-snippet":"max-snippet:-1","max-image-preview":"max-image-preview:large","max-video-preview":"max-video-preview:-1"},"canonical":"http:\/\/www.accessforkidscancer.ca\/fr\/a-propos-de-nous\/nos-partenaires\/","og_locale":"fr_FR","og_type":"article","og_title":"Nos partenaires - Access","og_description":"Nous sommes heureux de travailler avec de nombreux partenaires communautaires au sein de l\u2019\u00e9cosyst\u00e8me du cancer p\u00e9diatrique dans le but de susciter un changement transformateur pour les enfants atteints de cancer au Canada\u00a0: Canadian Institutes of Health Research, Sarah\u2019s Fund for Cedars, Accelerate, Acorn, Aladdin, BioCan, BioCanRX, Canadian Cancer Advocacy, Childhood Cancer Canada, Canadian Cancer... Read more","og_url":"http:\/\/www.accessforkidscancer.ca\/fr\/a-propos-de-nous\/nos-partenaires\/","og_site_name":"Access","article_modified_time":"2025-05-16T14:25:55+00:00","og_image":[{"width":1200,"height":675,"url":"http:\/\/www.accessforkidscancer.ca\/wp-content\/uploads\/2024\/08\/access-site-image.jpg","type":"image\/jpeg"}],"twitter_card":"summary_large_image","twitter_site":"@acces_access","twitter_misc":{"Dur\u00e9e de lecture estim\u00e9e":"1 minute"},"schema":{"@context":"https:\/\/schema.org","@graph":[{"@type":"WebPage","@id":"http:\/\/www.accessforkidscancer.ca\/fr\/a-propos-de-nous\/nos-partenaires\/","url":"http:\/\/www.accessforkidscancer.ca\/fr\/a-propos-de-nous\/nos-partenaires\/","name":"Nos partenaires - Access","isPartOf":{"@id":"https:\/\/www.accessforkidscancer.ca\/fr\/#website"},"datePublished":"2024-06-28T00:50:49+00:00","dateModified":"2025-05-16T14:25:55+00:00","breadcrumb":{"@id":"http:\/\/www.accessforkidscancer.ca\/fr\/a-propos-de-nous\/nos-partenaires\/#breadcrumb"},"inLanguage":"fr-FR","potentialAction":[{"@type":"ReadAction","target":["http:\/\/www.accessforkidscancer.ca\/fr\/a-propos-de-nous\/nos-partenaires\/"]}]},{"@type":"BreadcrumbList","@id":"http:\/\/www.accessforkidscancer.ca\/fr\/a-propos-de-nous\/nos-partenaires\/#breadcrumb","itemListElement":[{"@type":"ListItem","position":1,"name":"Home","item":"https:\/\/www.accessforkidscancer.ca\/fr\/"},{"@type":"ListItem","position":2,"name":"\u00c0 Propos de nous","item":"https:\/\/www.accessforkidscancer.ca\/fr\/a-propos-de-nous\/"},{"@type":"ListItem","position":3,"name":"Nos partenaires"}]},{"@type":"WebSite","@id":"https:\/\/www.accessforkidscancer.ca\/fr\/#website","url":"https:\/\/www.accessforkidscancer.ca\/fr\/","name":"ACCESS","description":"Advancing Childhood Cancer Experience, Science &amp; Survivorship","publisher":{"@id":"https:\/\/www.accessforkidscancer.ca\/fr\/#organization"},"potentialAction":[{"@type":"SearchAction","target":{"@type":"EntryPoint","urlTemplate":"https:\/\/www.accessforkidscancer.ca\/fr\/?s={search_term_string}"},"query-input":{"@type":"PropertyValueSpecification","valueRequired":true,"valueName":"search_term_string"}}],"inLanguage":"fr-FR"},{"@type":"Organization","@id":"https:\/\/www.accessforkidscancer.ca\/fr\/#organization","name":"ACCESS","url":"https:\/\/www.accessforkidscancer.ca\/fr\/","logo":{"@type":"ImageObject","inLanguage":"fr-FR","@id":"https:\/\/www.accessforkidscancer.ca\/fr\/#\/schema\/logo\/image\/","url":"https:\/\/www.accessforkidscancer.ca\/wp-content\/uploads\/2024\/08\/access-organization-logo.png","contentUrl":"https:\/\/www.accessforkidscancer.ca\/wp-content\/uploads\/2024\/08\/access-organization-logo.png","width":696,"height":696,"caption":"ACCESS"},"image":{"@id":"https:\/\/www.accessforkidscancer.ca\/fr\/#\/schema\/logo\/image\/"},"sameAs":["https:\/\/x.com\/acces_access","https:\/\/www.instagram.com\/access_acces\/","https:\/\/www.linkedin.com\/company\/access-acces\/","https:\/\/www.youtube.com\/channel\/UC0SYgen8vfGlXtikQ8xtQ6A"]}]}},"_links":{"self":[{"href":"http:\/\/www.accessforkidscancer.ca\/fr\/wp-json\/wp\/v2\/pages\/2005","targetHints":{"allow":["GET"]}}],"collection":[{"href":"http:\/\/www.accessforkidscancer.ca\/fr\/wp-json\/wp\/v2\/pages"}],"about":[{"href":"http:\/\/www.accessforkidscancer.ca\/fr\/wp-json\/wp\/v2\/types\/page"}],"author":[{"embeddable":true,"href":"http:\/\/www.accessforkidscancer.ca\/fr\/wp-json\/wp\/v2\/users\/3"}],"replies":[{"embeddable":true,"href":"http:\/\/www.accessforkidscancer.ca\/fr\/wp-json\/wp\/v2\/comments?post=2005"}],"version-history":[{"count":0,"href":"http:\/\/www.accessforkidscancer.ca\/fr\/wp-json\/wp\/v2\/pages\/2005\/revisions"}],"up":[{"embeddable":true,"href":"http:\/\/www.accessforkidscancer.ca\/fr\/wp-json\/wp\/v2\/pages\/1982"}],"wp:attachment":[{"href":"http:\/\/www.accessforkidscancer.ca\/fr\/wp-json\/wp\/v2\/media?parent=2005"}],"curies":[{"name":"wp","href":"https:\/\/api.w.org\/{rel}","templated":true}]}}